{"id":174,"date":"2022-05-10T13:15:02","date_gmt":"2022-05-10T10:15:02","guid":{"rendered":"https:\/\/visitoulufi.test.cchosting.fi\/?page_id=174"},"modified":"2025-08-07T09:21:49","modified_gmt":"2025-08-07T06:21:49","slug":"eat-drink","status":"publish","type":"page","link":"http:\/\/visitoulufi-2025-10-14_10_27_17.test.cchosting.fi\/en\/eat-drink\/","title":{"rendered":"Restaurants in Oulu - a city of stalls and stew?"},"content":{"rendered":"<figure class=\"wp-block-pullquote\"><blockquote><p>A successful culinary experience not only feeds the taste buds: it also stimulates the eyes, ears, nose and soul. K\u00e4nkky (or pizza in Oulu) never disappoints, the bravest ones try the r\u00f6ssypottu! Restaurants in Oulu offer everything from five-star fine dining to relaxed coffee breaks, artisan pizza and traditional Finnish cuisine.&nbsp;<\/p><\/blockquote><\/figure>","protected":false},"excerpt":{"rendered":"<p>Onnistunut kulinaristinen el\u00e4mys ei ruoki pelk\u00e4st\u00e4\u00e4n makuaistia: se hivelee my\u00f6s silmi\u00e4, korvia, nen\u00e4\u00e4 ja sielua. K\u00e4nkky (eli pizza oululaisittain) ei pet\u00e4 koskaan, rohkeimmat testaavat r\u00f6ssypottua! Ravintolat Oulussa tarjoavat kaikkea viiden t\u00e4hden fine diningista leppoisiin kahvihetkiin, artesaanipizzaan sek\u00e4 perinteiseen suomalaiseen keitti\u00f6\u00f6n.&nbsp; [&#8230;]<\/p>\n<p><a class=\"btn btn-secondary understrap-read-more-link\" href=\"http:\/\/visitoulufi-2025-10-14_10_27_17.test.cchosting.fi\/en\/eat-drink\/\">Read More&#8230;<span class=\"screen-reader-text\"> from Ravintolat Oulussa \u2013 k\u00e4nkyn ja r\u00f6ssypotun kaupunki?<\/span><\/a><\/p>","protected":false},"author":1,"featured_media":891,"parent":0,"menu_order":0,"comment_status":"closed","ping_status":"closed","template":"","meta":{"_acf_changed":false,"content-type":"","footnotes":""},"coauthors":[160],"class_list":["post-174","page","type-page","status-publish","has-post-thumbnail","hentry"],"acf":[],"yoast_head":"<!-- This site is optimized with the Yoast SEO plugin v26.0 - https:\/\/yoast.com\/wordpress\/plugins\/seo\/ -->\n<title>Ravintolat Oulussa \u2013 k\u00e4nkyn ja r\u00f6ssypotun kaupunki? - Visit Oulu<\/title>\n<meta name=\"robots\" content=\"index, follow, max-snippet:-1, max-image-preview:large, max-video-preview:-1\" \/>\n<link rel=\"canonical\" href=\"https:\/\/visitoulufi-2025-10-14_10_27_17.test.cchosting.fi\/en\/eat-drink\/\" \/>\n<meta property=\"og:locale\" content=\"en_US\" \/>\n<meta property=\"og:type\" content=\"article\" \/>\n<meta property=\"og:title\" content=\"Ravintolat Oulussa \u2013 k\u00e4nkyn ja r\u00f6ssypotun kaupunki? - Visit Oulu\" \/>\n<meta property=\"og:description\" content=\"Onnistunut kulinaristinen el\u00e4mys ei ruoki pelk\u00e4st\u00e4\u00e4n makuaistia: se hivelee my\u00f6s silmi\u00e4, korvia, nen\u00e4\u00e4 ja sielua. K\u00e4nkky (eli pizza oululaisittain) ei pet\u00e4 koskaan, rohkeimmat testaavat r\u00f6ssypottua! Ravintolat Oulussa tarjoavat kaikkea viiden t\u00e4hden fine diningista leppoisiin kahvihetkiin, artesaanipizzaan sek\u00e4 perinteiseen suomalaiseen keitti\u00f6\u00f6n.&nbsp; [...]Read More... from Ravintolat Oulussa \u2013 k\u00e4nkyn ja r\u00f6ssypotun kaupunki?\" \/>\n<meta property=\"og:url\" content=\"https:\/\/visitoulufi-2025-10-14_10_27_17.test.cchosting.fi\/en\/eat-drink\/\" \/>\n<meta property=\"og:site_name\" content=\"Visit Oulu\" \/>\n<meta property=\"article:modified_time\" content=\"2025-08-07T06:21:49+00:00\" \/>\n<meta property=\"og:image\" content=\"https:\/\/visitoulufi-2025-10-14_10_27_17.test.cchosting.fi\/wp-content\/uploads\/2022\/05\/pizza2.jpg\" \/>\n\t<meta property=\"og:image:width\" content=\"1920\" \/>\n\t<meta property=\"og:image:height\" content=\"1080\" \/>\n\t<meta property=\"og:image:type\" content=\"image\/jpeg\" \/>\n<meta name=\"twitter:card\" content=\"summary_large_image\" \/>\n<meta name=\"twitter:label1\" content=\"Est. reading time\" \/>\n\t<meta name=\"twitter:data1\" content=\"3 minutes\" \/>\n\t<meta name=\"twitter:label2\" content=\"Written by\" \/>\n\t<meta name=\"twitter:data2\" content=\"juha\" \/>\n<script type=\"application\/ld+json\" class=\"yoast-schema-graph\">{\"@context\":\"https:\/\/schema.org\",\"@graph\":[{\"@type\":\"WebPage\",\"@id\":\"https:\/\/visitoulufi-2025-10-14_10_27_17.test.cchosting.fi\/syo-juo\/\",\"url\":\"https:\/\/visitoulufi-2025-10-14_10_27_17.test.cchosting.fi\/syo-juo\/\",\"name\":\"Ravintolat Oulussa \u2013 k\u00e4nkyn ja r\u00f6ssypotun kaupunki? - Visit Oulu\",\"isPartOf\":{\"@id\":\"https:\/\/visitoulufi-2025-10-14_10_27_17.test.cchosting.fi\/#website\"},\"primaryImageOfPage\":{\"@id\":\"https:\/\/visitoulufi-2025-10-14_10_27_17.test.cchosting.fi\/syo-juo\/#primaryimage\"},\"image\":{\"@id\":\"https:\/\/visitoulufi-2025-10-14_10_27_17.test.cchosting.fi\/syo-juo\/#primaryimage\"},\"thumbnailUrl\":\"https:\/\/visitoulufi-2025-10-14_10_27_17.test.cchosting.fi\/wp-content\/uploads\/2022\/05\/pizza2.jpg\",\"datePublished\":\"2022-05-10T10:15:02+00:00\",\"dateModified\":\"2025-08-07T06:21:49+00:00\",\"breadcrumb\":{\"@id\":\"https:\/\/visitoulufi-2025-10-14_10_27_17.test.cchosting.fi\/syo-juo\/#breadcrumb\"},\"inLanguage\":\"en-US\",\"potentialAction\":[{\"@type\":\"ReadAction\",\"target\":[\"https:\/\/visitoulufi-2025-10-14_10_27_17.test.cchosting.fi\/syo-juo\/\"]}]},{\"@type\":\"ImageObject\",\"inLanguage\":\"en-US\",\"@id\":\"https:\/\/visitoulufi-2025-10-14_10_27_17.test.cchosting.fi\/syo-juo\/#primaryimage\",\"url\":\"https:\/\/visitoulufi-2025-10-14_10_27_17.test.cchosting.fi\/wp-content\/uploads\/2022\/05\/pizza2.jpg\",\"contentUrl\":\"https:\/\/visitoulufi-2025-10-14_10_27_17.test.cchosting.fi\/wp-content\/uploads\/2022\/05\/pizza2.jpg\",\"width\":1920,\"height\":1080,\"caption\":\"Pizza\"},{\"@type\":\"BreadcrumbList\",\"@id\":\"https:\/\/visitoulufi-2025-10-14_10_27_17.test.cchosting.fi\/syo-juo\/#breadcrumb\",\"itemListElement\":[{\"@type\":\"ListItem\",\"position\":1,\"name\":\"Etusivu\",\"item\":\"https:\/\/visitoulufi-2025-10-14_10_27_17.test.cchosting.fi\/\"},{\"@type\":\"ListItem\",\"position\":2,\"name\":\"Ravintolat Oulussa \u2013 k\u00e4nkyn ja r\u00f6ssypotun kaupunki?\"}]},{\"@type\":\"WebSite\",\"@id\":\"https:\/\/visitoulufi-2025-10-14_10_27_17.test.cchosting.fi\/#website\",\"url\":\"https:\/\/visitoulufi-2025-10-14_10_27_17.test.cchosting.fi\/\",\"name\":\"Visit Oulu\",\"description\":\"\",\"potentialAction\":[{\"@type\":\"SearchAction\",\"target\":{\"@type\":\"EntryPoint\",\"urlTemplate\":\"https:\/\/visitoulufi-2025-10-14_10_27_17.test.cchosting.fi\/?s={search_term_string}\"},\"query-input\":{\"@type\":\"PropertyValueSpecification\",\"valueRequired\":true,\"valueName\":\"search_term_string\"}}],\"inLanguage\":\"en-US\"}]}<\/script>\n<!-- \/ Yoast SEO plugin. -->","yoast_head_json":{"title":"Restaurants in Oulu - the city of stump and ruff? - Visit Oulu","robots":{"index":"index","follow":"follow","max-snippet":"max-snippet:-1","max-image-preview":"max-image-preview:large","max-video-preview":"max-video-preview:-1"},"canonical":"https:\/\/visitoulufi-2025-10-14_10_27_17.test.cchosting.fi\/en\/eat-drink\/","og_locale":"en_US","og_type":"article","og_title":"Ravintolat Oulussa \u2013 k\u00e4nkyn ja r\u00f6ssypotun kaupunki? - Visit Oulu","og_description":"Onnistunut kulinaristinen el\u00e4mys ei ruoki pelk\u00e4st\u00e4\u00e4n makuaistia: se hivelee my\u00f6s silmi\u00e4, korvia, nen\u00e4\u00e4 ja sielua. K\u00e4nkky (eli pizza oululaisittain) ei pet\u00e4 koskaan, rohkeimmat testaavat r\u00f6ssypottua! Ravintolat Oulussa tarjoavat kaikkea viiden t\u00e4hden fine diningista leppoisiin kahvihetkiin, artesaanipizzaan sek\u00e4 perinteiseen suomalaiseen keitti\u00f6\u00f6n.&nbsp; [...]Read More... from Ravintolat Oulussa \u2013 k\u00e4nkyn ja r\u00f6ssypotun kaupunki?","og_url":"https:\/\/visitoulufi-2025-10-14_10_27_17.test.cchosting.fi\/en\/eat-drink\/","og_site_name":"Visit Oulu","article_modified_time":"2025-08-07T06:21:49+00:00","og_image":[{"width":1920,"height":1080,"url":"https:\/\/visitoulufi-2025-10-14_10_27_17.test.cchosting.fi\/wp-content\/uploads\/2022\/05\/pizza2.jpg","type":"image\/jpeg"}],"twitter_card":"summary_large_image","twitter_misc":{"Est. reading time":"3 minutes","Written by":"juha"},"schema":{"@context":"https:\/\/schema.org","@graph":[{"@type":"WebPage","@id":"https:\/\/visitoulufi-2025-10-14_10_27_17.test.cchosting.fi\/syo-juo\/","url":"https:\/\/visitoulufi-2025-10-14_10_27_17.test.cchosting.fi\/syo-juo\/","name":"Restaurants in Oulu - the city of stump and ruff? - Visit Oulu","isPartOf":{"@id":"https:\/\/visitoulufi-2025-10-14_10_27_17.test.cchosting.fi\/#website"},"primaryImageOfPage":{"@id":"https:\/\/visitoulufi-2025-10-14_10_27_17.test.cchosting.fi\/syo-juo\/#primaryimage"},"image":{"@id":"https:\/\/visitoulufi-2025-10-14_10_27_17.test.cchosting.fi\/syo-juo\/#primaryimage"},"thumbnailUrl":"https:\/\/visitoulufi-2025-10-14_10_27_17.test.cchosting.fi\/wp-content\/uploads\/2022\/05\/pizza2.jpg","datePublished":"2022-05-10T10:15:02+00:00","dateModified":"2025-08-07T06:21:49+00:00","breadcrumb":{"@id":"https:\/\/visitoulufi-2025-10-14_10_27_17.test.cchosting.fi\/syo-juo\/#breadcrumb"},"inLanguage":"en-US","potentialAction":[{"@type":"ReadAction","target":["https:\/\/visitoulufi-2025-10-14_10_27_17.test.cchosting.fi\/syo-juo\/"]}]},{"@type":"ImageObject","inLanguage":"en-US","@id":"https:\/\/visitoulufi-2025-10-14_10_27_17.test.cchosting.fi\/syo-juo\/#primaryimage","url":"https:\/\/visitoulufi-2025-10-14_10_27_17.test.cchosting.fi\/wp-content\/uploads\/2022\/05\/pizza2.jpg","contentUrl":"https:\/\/visitoulufi-2025-10-14_10_27_17.test.cchosting.fi\/wp-content\/uploads\/2022\/05\/pizza2.jpg","width":1920,"height":1080,"caption":"Pizza"},{"@type":"BreadcrumbList","@id":"https:\/\/visitoulufi-2025-10-14_10_27_17.test.cchosting.fi\/syo-juo\/#breadcrumb","itemListElement":[{"@type":"ListItem","position":1,"name":"Etusivu","item":"https:\/\/visitoulufi-2025-10-14_10_27_17.test.cchosting.fi\/"},{"@type":"ListItem","position":2,"name":"Ravintolat Oulussa \u2013 k\u00e4nkyn ja r\u00f6ssypotun kaupunki?"}]},{"@type":"WebSite","@id":"https:\/\/visitoulufi-2025-10-14_10_27_17.test.cchosting.fi\/#website","url":"https:\/\/visitoulufi-2025-10-14_10_27_17.test.cchosting.fi\/","name":"Visit Oulu","description":"","potentialAction":[{"@type":"SearchAction","target":{"@type":"EntryPoint","urlTemplate":"https:\/\/visitoulufi-2025-10-14_10_27_17.test.cchosting.fi\/?s={search_term_string}"},"query-input":{"@type":"PropertyValueSpecification","valueRequired":true,"valueName":"search_term_string"}}],"inLanguage":"en-US"}]}},"_links":{"self":[{"href":"http:\/\/visitoulufi-2025-10-14_10_27_17.test.cchosting.fi\/en\/wp-json\/wp\/v2\/pages\/174","targetHints":{"allow":["GET"]}}],"collection":[{"href":"http:\/\/visitoulufi-2025-10-14_10_27_17.test.cchosting.fi\/en\/wp-json\/wp\/v2\/pages"}],"about":[{"href":"http:\/\/visitoulufi-2025-10-14_10_27_17.test.cchosting.fi\/en\/wp-json\/wp\/v2\/types\/page"}],"author":[{"embeddable":true,"href":"http:\/\/visitoulufi-2025-10-14_10_27_17.test.cchosting.fi\/en\/wp-json\/wp\/v2\/users\/1"}],"replies":[{"embeddable":true,"href":"http:\/\/visitoulufi-2025-10-14_10_27_17.test.cchosting.fi\/en\/wp-json\/wp\/v2\/comments?post=174"}],"version-history":[{"count":35,"href":"http:\/\/visitoulufi-2025-10-14_10_27_17.test.cchosting.fi\/en\/wp-json\/wp\/v2\/pages\/174\/revisions"}],"predecessor-version":[{"id":11673,"href":"http:\/\/visitoulufi-2025-10-14_10_27_17.test.cchosting.fi\/en\/wp-json\/wp\/v2\/pages\/174\/revisions\/11673"}],"wp:featuredmedia":[{"embeddable":true,"href":"http:\/\/visitoulufi-2025-10-14_10_27_17.test.cchosting.fi\/en\/wp-json\/wp\/v2\/media\/891"}],"wp:attachment":[{"href":"http:\/\/visitoulufi-2025-10-14_10_27_17.test.cchosting.fi\/en\/wp-json\/wp\/v2\/media?parent=174"}],"wp:term":[{"taxonomy":"author","embeddable":true,"href":"http:\/\/visitoulufi-2025-10-14_10_27_17.test.cchosting.fi\/en\/wp-json\/wp\/v2\/coauthors?post=174"}],"curies":[{"name":"wp","href":"https:\/\/api.w.org\/{rel}","templated":true}]}}